{"id":10472,"date":"2026-02-25T19:36:45","date_gmt":"2026-02-25T19:36:45","guid":{"rendered":"https:\/\/www.imesapi.com\/?page_id=10472"},"modified":"2026-03-12T12:30:36","modified_gmt":"2026-03-12T12:30:36","slug":"trabaja-con-nosotros","status":"publish","type":"page","link":"https:\/\/www.imesapi.com\/es\/trabaja-con-nosotros\/","title":{"rendered":"Trabaja con nosotros"},"content":{"rendered":"<p>[vc_row][vc_column][vc_column_text]<\/p>\n<p class=\"vc_custom_heading\" style=\"text-align: center;\"><strong>En ImesAPI creemos que el talento de nuestro equipo es el motor de cada proyecto. Buscamos profesionales comprometidos, con vocaci\u00f3n de servicio y ganas de crecer en un entorno que apuesta por la innovaci\u00f3n y la excelencia. Si compartes nuestra visi\u00f3n, consulta nuestras ofertas activas o env\u00edanos tu curr\u00edculum para futuras oportunidades.<\/strong><\/p>\n<p>[\/vc_column_text][\/vc_column][\/vc_row][vc_row][vc_column][vc_empty_space height=\u00bb16px\u00bb][vc_row_inner disable_element=\u00bbyes\u00bb][vc_column_inner width=\u00bb1\/5&#8243;][vc_single_image image=\u00bb10022&#8243; img_size=\u00bblarge\u00bb onclick=\u00bbcustom_link\u00bb img_link_target=\u00bb_blank\u00bb link=\u00bbhttps:\/\/www.imesapi.com\/es\/ofertas\/#imesapi\u00bb][\/vc_column_inner][vc_column_inner width=\u00bb1\/5&#8243;][vc_single_image image=\u00bb10023&#8243; img_size=\u00bblarge\u00bb onclick=\u00bbcustom_link\u00bb img_link_target=\u00bb_blank\u00bb link=\u00bbhttps:\/\/www.imesapi.com\/es\/ofertas\/#api-fabricacion\u00bb][\/vc_column_inner][vc_column_inner width=\u00bb1\/5&#8243;][vc_single_image image=\u00bb10024&#8243; img_size=\u00bblarge\u00bb onclick=\u00bbcustom_link\u00bb img_link_target=\u00bb_blank\u00bb link=\u00bbhttps:\/\/www.imesapi.com\/es\/ofertas\/#api-movilidad\u00bb][\/vc_column_inner][vc_column_inner width=\u00bb1\/5&#8243;][vc_single_image image=\u00bb10025&#8243; img_size=\u00bblarge\u00bb onclick=\u00bbcustom_link\u00bb img_link_target=\u00bb_blank\u00bb link=\u00bbhttps:\/\/www.imesapi.com\/es\/ofertas\/#ecocivil\u00bb][\/vc_column_inner][vc_column_inner width=\u00bb1\/5&#8243;][vc_single_image image=\u00bb10026&#8243; img_size=\u00bblarge\u00bb onclick=\u00bbcustom_link\u00bb img_link_target=\u00bb_blank\u00bb link=\u00bbhttps:\/\/www.imesapi.com\/es\/ofertas\/#viabal\u00bb][\/vc_column_inner][\/vc_row_inner][\/vc_column][\/vc_row][vc_row][vc_column][vc_empty_space height=\u00bb16px\u00bb][\/vc_column][\/vc_row][vc_row][vc_column][vc_raw_html]JTVCaW1lc2FwaV9jdl9lc3BvbnRhbmVvJTIwZm9ybV9pZCUzRCUyMjI0ODNiYWIlMjIlNUQ=[\/vc_raw_html][\/vc_column][\/vc_row][vc_row][vc_column][vc_raw_html]JTVCaW1lc2FwaV9vZmVydGFzJTVE[\/vc_raw_html][\/vc_column][\/vc_row]<\/p>","protected":false},"excerpt":{"rendered":"<p>[vc_row][vc_column][vc_column_text] En ImesAPI creemos que el talento de nuestro equipo es el motor de cada proyecto. Buscamos profesionales comprometidos, con vocaci\u00f3n de servicio y ganas de crecer en un entorno que apuesta por la innovaci\u00f3n y la excelencia. Si compartes nuestra visi\u00f3n, consulta nuestras ofertas activas o env\u00edanos tu curr\u00edculum para futuras oportunidades. [\/vc_column_text][\/vc_column][\/vc_row][vc_row][vc_column][vc_empty_space height=\u00bb16px\u00bb][vc_row_inner&hellip;<\/p>\n","protected":false},"author":1,"featured_media":0,"parent":0,"menu_order":3,"comment_status":"closed","ping_status":"closed","template":"","meta":[],"class_list":["post-10472","page","type-page","status-publish","hentry","description-off"],"_links":{"self":[{"href":"https:\/\/www.imesapi.com\/es\/wp-json\/wp\/v2\/pages\/10472","targetHints":{"allow":["GET"]}}],"collection":[{"href":"https:\/\/www.imesapi.com\/es\/wp-json\/wp\/v2\/pages"}],"about":[{"href":"https:\/\/www.imesapi.com\/es\/wp-json\/wp\/v2\/types\/page"}],"author":[{"embeddable":true,"href":"https:\/\/www.imesapi.com\/es\/wp-json\/wp\/v2\/users\/1"}],"replies":[{"embeddable":true,"href":"https:\/\/www.imesapi.com\/es\/wp-json\/wp\/v2\/comments?post=10472"}],"version-history":[{"count":0,"href":"https:\/\/www.imesapi.com\/es\/wp-json\/wp\/v2\/pages\/10472\/revisions"}],"wp:attachment":[{"href":"https:\/\/www.imesapi.com\/es\/wp-json\/wp\/v2\/media?parent=10472"}],"curies":[{"name":"wp","href":"https:\/\/api.w.org\/{rel}","templated":true}]}}